{"id":205,"date":"2019-08-21T09:09:25","date_gmt":"2019-08-21T09:09:25","guid":{"rendered":"https:\/\/hotelelbadurres.com\/?page_id=205"},"modified":"2021-07-28T13:34:00","modified_gmt":"2021-07-28T13:34:00","slug":"dhomat-tona","status":"publish","type":"page","link":"https:\/\/hotelelbadurres.com\/index.php\/dhomat-tona\/","title":{"rendered":"DHOMAT TONA"},"content":{"rendered":"<div class=\"wpb-content-wrapper\"><p>[vc_row el_class=&#8221;kuti&#8221;][vc_column width=&#8221;1\/2&#8243;][vc_empty_space][vc_single_image image=&#8221;313&#8243; img_size=&#8221;600&#215;400&#8243;][\/vc_column][vc_column width=&#8221;1\/2&#8243;][vc_empty_space][vc_custom_heading text=&#8221;Dhome Teke me Ballkon&#8221; font_container=&#8221;tag:h3|text_align:left|color:%23e04644&#8243; google_fonts=&#8221;font_family:Playfair%20Display%3Aregular%2Citalic%2C700%2C700italic%2C900%2C900italic|font_style:400%20regular%3A400%3Anormal&#8221;][vc_single_image image=&#8221;32&#8243; img_size=&#8221;full&#8221;][vc_column_text]<\/p>\n<p style=\"text-align: justify;\">Dhomat tona jan\u00eb moderne dhe sh\u00ebrbimi yn\u00eb \u00ebsht\u00eb bashk\u00ebkohor.\u00a0 Dhomat tona komode dhe mik\u00ebprit\u00ebse jan\u00eb t\u00eb pajisura me aparate televizive satelitore, garderob\u00eb, aj\u00ebr t\u00eb kondicionuar, tavolin\u00eb shkrimi, internet free, ballkon me pamje nga deti.<\/p>\n<p>[\/vc_column_text][vc_btn title=&#8221;Detajet&#8221; style=&#8221;outline-custom&#8221; outline_custom_color=&#8221;#e04644&#8243; outline_custom_hover_background=&#8221;#e04644&#8243; outline_custom_hover_text=&#8221;#ffffff&#8221; link=&#8221;url:https%3A%2F%2Fhotelelbadurres.com%2Findex.php%2Fdhome-teke-me-ballkon%2F|title:Dhome%20Teke%20me%20Ballkon||&#8221;][\/vc_column][\/vc_row][vc_row][vc_column][vc_empty_space][\/vc_column][\/vc_row][vc_row el_class=&#8221;kuti&#8221;][vc_column width=&#8221;1\/2&#8243;][vc_empty_space][vc_single_image image=&#8221;280&#8243; img_size=&#8221;600&#215;400&#8243;][\/vc_column][vc_column width=&#8221;1\/2&#8243;][vc_empty_space][vc_custom_heading text=&#8221;Dhom\u00eb Dopio me Pamje Anesore nga Deti&#8221; font_container=&#8221;tag:h3|text_align:left|color:%23e04644&#8243; google_fonts=&#8221;font_family:Playfair%20Display%3Aregular%2Citalic%2C700%2C700italic%2C900%2C900italic|font_style:400%20regular%3A400%3Anormal&#8221;][vc_single_image image=&#8221;32&#8243; img_size=&#8221;full&#8221;][vc_column_text]<\/p>\n<p style=\"text-align: justify;\">Dhomat tona jan\u00eb moderne dhe sh\u00ebrbimi yn\u00eb \u00ebsht\u00eb bashk\u00ebkohor. Dhomat tona komode dhe mik\u00ebprit\u00ebse jan\u00eb t\u00eb pajisura me aparate televizive satelitore, garderob\u00eb, aj\u00ebr t\u00eb kondicionuar, tavolin\u00eb shkrimi, internet free, ballkon me pamje nga deti.<\/p>\n<p>[\/vc_column_text][vc_btn title=&#8221;Detajet&#8221; style=&#8221;outline-custom&#8221; outline_custom_color=&#8221;#e04644&#8243; outline_custom_hover_background=&#8221;#e04644&#8243; outline_custom_hover_text=&#8221;#ffffff&#8221; link=&#8221;url:https%3A%2F%2Fhotelelbadurres.com%2Findex.php%2Fdhome-dopio-me-pamje-anesore-nga-deti%2F|title:Dhom%C3%AB%20Dopio%20me%20Pamje%20Anesore%20nga%20Deti||&#8221;][\/vc_column][\/vc_row][vc_row][vc_column][vc_empty_space][\/vc_column][\/vc_row][vc_row el_class=&#8221;kuti&#8221;][vc_column width=&#8221;1\/2&#8243;][vc_empty_space][vc_single_image image=&#8221;315&#8243; img_size=&#8221;600&#215;400&#8243;][\/vc_column][vc_column width=&#8221;1\/2&#8243;][vc_empty_space][vc_custom_heading text=&#8221;Dhom\u00eb Dopio me Pamje nga Deti&#8221; font_container=&#8221;tag:h3|text_align:left|color:%23e04644&#8243; google_fonts=&#8221;font_family:Playfair%20Display%3Aregular%2Citalic%2C700%2C700italic%2C900%2C900italic|font_style:400%20regular%3A400%3Anormal&#8221;][vc_single_image image=&#8221;32&#8243; img_size=&#8221;full&#8221;][vc_column_text]<\/p>\n<p style=\"text-align: justify;\">Dhomat tona jan\u00eb moderne dhe sh\u00ebrbimi yn\u00eb \u00ebsht\u00eb bashk\u00ebkohor.35 \u2013 50 Euro\u00a0 (m\u00ebngjesi i p\u00ebrfshir\u00eb). Dhomat tona komode dhe mik\u00ebprit\u00ebse jan\u00eb t\u00eb pajisura me aparate televizive satelitore, garderob\u00eb, aj\u00ebr t\u00eb kondicionuar, tavolin\u00eb shkrimi, internet free, ballkon me pamje nga deti.<\/p>\n<p>[\/vc_column_text][vc_btn title=&#8221;Detajet&#8221; style=&#8221;outline-custom&#8221; outline_custom_color=&#8221;#e04644&#8243; outline_custom_hover_background=&#8221;#e04644&#8243; outline_custom_hover_text=&#8221;#ffffff&#8221; link=&#8221;url:https%3A%2F%2Fhotelelbadurres.com%2Findex.php%2Fdhome-dopio-me-pamje-nga-deti%2F|title:Dhom%C3%AB%20Dopio%20me%20Pamje%20nga%20Deti||&#8221;][\/vc_column][\/vc_row][vc_row][vc_column][vc_empty_space][\/vc_column][\/vc_row][vc_row el_class=&#8221;kuti&#8221;][vc_column width=&#8221;1\/2&#8243;][vc_empty_space][vc_single_image image=&#8221;316&#8243; img_size=&#8221;600&#215;400&#8243;][\/vc_column][vc_column width=&#8221;1\/2&#8243;][vc_empty_space][vc_custom_heading text=&#8221;Dhom\u00eb Treshe me Ballkon&#8221; font_container=&#8221;tag:h3|text_align:left|color:%23e04644&#8243; google_fonts=&#8221;font_family:Playfair%20Display%3Aregular%2Citalic%2C700%2C700italic%2C900%2C900italic|font_style:400%20regular%3A400%3Anormal&#8221;][vc_single_image image=&#8221;32&#8243; img_size=&#8221;full&#8221;][vc_column_text]<\/p>\n<p style=\"text-align: justify;\">Dhomat tona jan\u00eb moderne dhe sh\u00ebrbimi yn\u00eb \u00ebsht\u00eb bashk\u00ebkohor.Dhomat tona komode dhe mik\u00ebprit\u00ebse jan\u00eb t\u00eb pajisura me aparate televizive satelitore, garderob\u00eb, aj\u00ebr t\u00eb kondicionuar, tavolin\u00eb shkrimi, internet free, ballkon me pamje nga deti.<\/p>\n<p>[\/vc_column_text][vc_btn title=&#8221;Detajet&#8221; style=&#8221;outline-custom&#8221; outline_custom_color=&#8221;#e04644&#8243; outline_custom_hover_background=&#8221;#e04644&#8243; outline_custom_hover_text=&#8221;#ffffff&#8221; link=&#8221;url:https%3A%2F%2Fhotelelbadurres.com%2Findex.php%2Fdhome-treshe-me-ballkon%2F|title:Dhom%C3%AB%20Treshe%20me%20Ballkon||&#8221;][\/vc_column][\/vc_row][vc_row][vc_column][vc_empty_space][\/vc_column][\/vc_row][vc_row el_class=&#8221;kuti&#8221;][vc_column width=&#8221;1\/2&#8243;][vc_empty_space][vc_single_image image=&#8221;317&#8243; img_size=&#8221;600&#215;400&#8243;][\/vc_column][vc_column width=&#8221;1\/2&#8243;][vc_empty_space][vc_custom_heading text=&#8221;Dhome Treshe me Pamje Anesore nga Deti&#8221; font_container=&#8221;tag:h3|text_align:left|color:%23e04644&#8243; google_fonts=&#8221;font_family:Playfair%20Display%3Aregular%2Citalic%2C700%2C700italic%2C900%2C900italic|font_style:400%20regular%3A400%3Anormal&#8221;][vc_single_image image=&#8221;32&#8243; img_size=&#8221;full&#8221;][vc_column_text]<\/p>\n<p style=\"text-align: justify;\">Dhomat tona jan\u00eb moderne dhe sh\u00ebrbimi yn\u00eb \u00ebsht\u00eb bashk\u00ebkohor. Dhomat tona komode dhe mik\u00ebprit\u00ebse jan\u00eb t\u00eb pajisura me aparate televizive satelitore, garderob\u00eb, aj\u00ebr t\u00eb kondicionuar, tavolin\u00eb shkrimi, internet free, ballkon me pamje nga deti dhe kuzhin\u00eb.<\/p>\n<p>[\/vc_column_text][vc_btn title=&#8221;Detajet&#8221; style=&#8221;outline-custom&#8221; outline_custom_color=&#8221;#e04644&#8243; outline_custom_hover_background=&#8221;#e04644&#8243; outline_custom_hover_text=&#8221;#ffffff&#8221; link=&#8221;url:https%3A%2F%2Fhotelelbadurres.com%2Findex.php%2Fdhome-treshe-me-pamje-anesore-nga-deti%2F|title:Dhome%20Treshe%20me%20Pamje%20Anesore%20nga%20Deti||&#8221;][\/vc_column][\/vc_row][vc_row][vc_column][vc_empty_space][\/vc_column][\/vc_row][vc_row el_class=&#8221;kuti&#8221;][vc_column width=&#8221;1\/2&#8243;][vc_empty_space][vc_single_image image=&#8221;286&#8243; img_size=&#8221;600&#215;400&#8243;][\/vc_column][vc_column width=&#8221;1\/2&#8243;][vc_empty_space][vc_custom_heading text=&#8221;Dhome Treshe me Pamje nga Deti&#8221; font_container=&#8221;tag:h3|text_align:left|color:%23e04644&#8243; google_fonts=&#8221;font_family:Playfair%20Display%3Aregular%2Citalic%2C700%2C700italic%2C900%2C900italic|font_style:400%20regular%3A400%3Anormal&#8221;][vc_single_image image=&#8221;32&#8243; img_size=&#8221;full&#8221;][vc_column_text]<\/p>\n<p style=\"text-align: justify;\">Dhomat tona jan\u00eb moderne dhe sh\u00ebrbimi yn\u00eb \u00ebsht\u00eb bashk\u00ebkohor. Dhomat tona komode dhe mik\u00ebprit\u00ebse jan\u00eb t\u00eb pajisura me aparate televizive satelitore, garderob\u00eb, aj\u00ebr t\u00eb kondicionuar, tavolin\u00eb shkrimi, internet free, ballkon me pamje nga deti dhe kuzhin\u00eb.<\/p>\n<p>[\/vc_column_text][vc_btn title=&#8221;Detajet&#8221; style=&#8221;outline-custom&#8221; outline_custom_color=&#8221;#e04644&#8243; outline_custom_hover_background=&#8221;#e04644&#8243; outline_custom_hover_text=&#8221;#ffffff&#8221; link=&#8221;url:https%3A%2F%2Fhotelelbadurres.com%2Findex.php%2Fdhome-treshe-me-pamje-nga-deti%2F|title:Dhome%20Treshe%20me%20Pamje%20nga%20Deti||&#8221;][\/vc_column][\/vc_row][vc_row][vc_column][vc_empty_space][\/vc_column][\/vc_row][vc_row el_class=&#8221;kuti&#8221;][vc_column width=&#8221;1\/2&#8243;][vc_empty_space][vc_single_image image=&#8221;286&#8243; img_size=&#8221;600&#215;400&#8243;][\/vc_column][vc_column width=&#8221;1\/2&#8243;][vc_empty_space][vc_custom_heading text=&#8221;Dhome Katershe me Pamje nga Deti&#8221; font_container=&#8221;tag:h3|text_align:left|color:%23e04644&#8243; google_fonts=&#8221;font_family:Playfair%20Display%3Aregular%2Citalic%2C700%2C700italic%2C900%2C900italic|font_style:400%20regular%3A400%3Anormal&#8221;][vc_single_image image=&#8221;32&#8243; img_size=&#8221;full&#8221;][vc_column_text]<\/p>\n<p style=\"text-align: justify;\">Dhomat tona jan\u00eb moderne dhe sh\u00ebrbimi yn\u00eb \u00ebsht\u00eb bashk\u00ebkohor. Dhomat tona komode dhe mik\u00ebprit\u00ebse jan\u00eb t\u00eb pajisura me aparate televizive satelitore, garderob\u00eb, aj\u00ebr t\u00eb kondicionuar, tavolin\u00eb shkrimi, internet free, ballkon me pamje nga deti dhe kuzhin\u00eb.<\/p>\n<p>[\/vc_column_text][vc_btn title=&#8221;Detajet&#8221; style=&#8221;outline-custom&#8221; outline_custom_color=&#8221;#e04644&#8243; outline_custom_hover_background=&#8221;#e04644&#8243; outline_custom_hover_text=&#8221;#ffffff&#8221; link=&#8221;url:https%3A%2F%2Fhotelelbadurres.com%2Findex.php%2Fdhome-katershe-me-pamje-nga-deti%2F|title:Dhome%20Katershe%20me%20Pamje%20nga%20Deti||&#8221;][\/vc_column][\/vc_row]<\/p>\n<\/div>","protected":false},"excerpt":{"rendered":"<p>[vc_row el_class=&#8221;kuti&#8221;][vc_column width=&#8221;1\/2&#8243;][vc_empty_space][vc_single_image image=&#8221;313&#8243; img_size=&#8221;600&#215;400&#8243;][\/vc_column][vc_column width=&#8221;1\/2&#8243;][vc_empty_space][vc_custom_heading text=&#8221;Dhome Teke me Ballkon&#8221; font_container=&#8221;tag:h3|text_align:left|color:%23e04644&#8243; google_fonts=&#8221;font_family:Playfair%20Display%3Aregular%2Citalic%2C700%2C700italic%2C900%2C900italic|font_style:400%20regular%3A400%3Anormal&#8221;][vc_single_image image=&#8221;32&#8243; img_size=&#8221;full&#8221;][vc_column_text] Dhomat tona jan\u00eb moderne dhe sh\u00ebrbimi yn\u00eb \u00ebsht\u00eb bashk\u00ebkohor.\u00a0 Dhomat tona komode dhe mik\u00ebprit\u00ebse jan\u00eb t\u00eb pajisura me aparate televizive satelitore, garderob\u00eb, aj\u00ebr t\u00eb kondicionuar, tavolin\u00eb shkrimi, internet free, ballkon me pamje nga deti. [\/vc_column_text][vc_btn title=&#8221;Detajet&#8221; style=&#8221;outline-custom&#8221; outline_custom_color=&#8221;#e04644&#8243; outline_custom_hover_background=&#8221;#e04644&#8243; outline_custom_hover_text=&#8221;#ffffff&#8221; link=&#8221;url:https%3A%2F%2Fhotelelbadurres.com%2Findex.php%2Fdhome-teke-me-ballkon%2F|title:Dhome%20Teke%20me%20Ballkon||&#8221;][\/vc_column][\/vc_row][vc_row][vc_column][vc_empty_space][\/vc_column][\/vc_row][vc_row&hellip;<\/p>\n","protected":false},"author":2,"featured_media":0,"parent":0,"menu_order":0,"comment_status":"closed","ping_status":"closed","template":"","meta":{"footnotes":""},"class_list":["post-205","page","type-page","status-publish","hentry","description-off"],"_links":{"self":[{"href":"https:\/\/hotelelbadurres.com\/index.php\/wp-json\/wp\/v2\/pages\/205","targetHints":{"allow":["GET"]}}],"collection":[{"href":"https:\/\/hotelelbadurres.com\/index.php\/wp-json\/wp\/v2\/pages"}],"about":[{"href":"https:\/\/hotelelbadurres.com\/index.php\/wp-json\/wp\/v2\/types\/page"}],"author":[{"embeddable":true,"href":"https:\/\/hotelelbadurres.com\/index.php\/wp-json\/wp\/v2\/users\/2"}],"replies":[{"embeddable":true,"href":"https:\/\/hotelelbadurres.com\/index.php\/wp-json\/wp\/v2\/comments?post=205"}],"version-history":[{"count":9,"href":"https:\/\/hotelelbadurres.com\/index.php\/wp-json\/wp\/v2\/pages\/205\/revisions"}],"predecessor-version":[{"id":348,"href":"https:\/\/hotelelbadurres.com\/index.php\/wp-json\/wp\/v2\/pages\/205\/revisions\/348"}],"wp:attachment":[{"href":"https:\/\/hotelelbadurres.com\/index.php\/wp-json\/wp\/v2\/media?parent=205"}],"curies":[{"name":"wp","href":"https:\/\/api.w.org\/{rel}","templated":true}]}}